{"id":16,"date":"2022-08-27T07:30:47","date_gmt":"2022-08-27T07:30:47","guid":{"rendered":"https:\/\/2022.bodensee-hotel-kreuz.de\/?page_id=16"},"modified":"2026-03-02T16:14:28","modified_gmt":"2026-03-02T16:14:28","slug":"ueber-das-hotel","status":"publish","type":"page","link":"https:\/\/www.bodensee-hotel-kreuz.de\/de\/ueber-das-hotel\/","title":{"rendered":"\u00dcber das Hotel"},"content":{"rendered":"<h1>\u00dcber das Hotel<\/h1>\n<div>\n<p>Das \u00e4lteste St\u00fcck des Gel\u00e4ndes ist der Altbau. Dieser wurde 1770 zuerst als Bauernhof, sp\u00e4ter als Postpferdestall betrieben. Wenig sp\u00e4ter wurde es zu einem Gasthaus umfunktioniert und blieb seit jeher in der Gastronomie und Hotellerie bestehen. Mitte der 1950er wurde der Mittelbau errichtet und Anfang der 80er schlie\u00dflich der Hoteltrakt.<\/p>\n<p>Unser Hotel liegt ca. 3 km vom Bodensee entfernt, im ruhigen Ortskern von M\u00fchlhofen. Ausgestattet mit Aufzug, Fahrradgarage und eigenem Restaurant, gro\u00dfem Fr\u00fchst\u00fccksraum mit ergiebigem, kontinentalem Fr\u00fchst\u00fccksbuffet, ist das Bodensee-Hotel Kreuz das perfekte Hotel f\u00fcr Tagesausfl\u00fcge am See. Viele Museen und Attraktionen sind \u00fcber die vielen, gut ausgebauten Fahrrad- und Wanderwege zu erreichen. In 15min Fu\u00dfweg liegen 2 Superm\u00e4rkte und mehrere Restaurants. Das Hotel verf\u00fcgt in begrenzter Zahl \u00fcber eigene Parkpl\u00e4tze sowie mehreren E-Ladepl\u00e4tzen. Sollten alle Parkpl\u00e4tze belegt sein, so gibt mehrere, kostenfreie Alternativen zum Abstellen Ihres Fahrzeugs.<\/p>\n<\/div>\n<p><img decoding=\"async\" src=\"\/wp-content\/uploads\/2022\/10\/balkonbereich.jpg\" alt=\"\"><\/p>\n<div>\n<style id=\"sp_lw_dynamic_css290\">#splw-location-weather-290.splw-main-wrapper {max-width: 320px;margin : auto;margin-bottom: 2em;}#splw-location-weather-290.splw-main-wrapper.horizontal {max-width: 800px;}#splw-location-weather-290 .splw-lite-wrapper,#splw-location-weather-290 .splw-forecast-weather select,#splw-location-weather-290 .splw-forecast-weather option,#splw-location-weather-290 .splw-lite-wrapper .splw-weather-attribution a{text-decoration: none;}#splw-location-weather-290 .splw-lite-templates-body,#splw-location-weather-290 .splw-adv-forecast-days{padding : 16px 20px 10px 20px;}#splw-location-weather-290 .splw-weather-detailed-updated-time{padding : 0 20px 10px 20px;}#splw-location-weather-290 .splw-lite-wrapper{ border: 0px solid #e2e2e2;}#splw-location-weather-290 .splw-lite-wrapper .splw-lite-current-temp .splw-weather-icon{width: 58px;}#splw-location-weather-290 .splw-lite-wrapper{border-radius: 8px;}#splw-location-weather-290 .splw-lite-daily-weather-details .details-icon i{color:#dfe6e9;}#splw-location-weather-290 .splw-lite-wrapper,#splw-location-weather-290 .splw-forecast-weather option{background:#ffffff}#splw-location-weather-290 .splw-lite-daily-weather-details.lw-center .splw-other-opt{text-align: center;}#splw-location-weather-290 .splw-weather-title{color: #000;margin-top: 0px;margin-bottom: 20px;}#splw-location-weather-290 .splw-lite-header-title{color: #727272;margin-top: 0px;margin-bottom: 10px;}#splw-location-weather-290 .splw-lite-current-time{color: #727272;margin-top: 0px;margin-bottom: 10px;}#splw-location-weather-290 .splw-cur-temp{color: #727272;margin-top: 0px;margin-bottom: 0px;}#splw-location-weather-290 .splw-lite-desc{color: #727272;margin-top: 0px;margin-bottom: 0px;}#splw-location-weather-290 .splw-lite-daily-weather-details{color: #fff;margin-top: 8px;margin-bottom: 8px;}#splw-location-weather-290 .splw-weather-details .splw-weather-icons {color: #727272;margin-top: 20px;margin-bottom: 0px;}#splw-location-weather-290 .lw-footer{margin-top: 0px;margin-bottom: 0px;}#splw-location-weather-290 .splw-weather-attribution a,#splw-location-weather-290 .splw-weather-attribution,#splw-location-weather-290 .splw-weather-detailed-updated-time a,#splw-location-weather-290 .splw-weather-updated-time{color: #727272;}#splw-location-weather-290.splw-main-wrapper {position: relative;}#lw-preloader-290{position: absolute;left: 0;top: 0;height: 100%;width: 100%;text-align: center;display: flex;align-items: center;justify-content: center;background: #fff;z-index: 9999;}<\/style><div id=\"splw-location-weather-290\" class=\"splw-main-wrapper vertical\" data-shortcode-id=\"290\">\n\t\t<div id=\"lw-preloader-290\" class=\"lw-preloader\">\n\t\t\t<img loading=\"lazy\" decoding=\"async\" src=\"https:\/\/www.bodensee-hotel-kreuz.de\/wp-content\/plugins\/location-weather\/assets\/images\/spinner.svg\" class=\"skip-lazy\"  alt=\"loader-image\" width=\"50\" height=\"50\"\/>\n\t\t<\/div>\n\t\t\t<!-- section title html area start -->\n<!-- section area end -->\n\t<div class=\"splw-lite-wrapper lw-preloader-wrapper\">\n\t\t<div class=\"splw-lite-templates-body\">\n\t\t\t<div class=\"splw-lite-header\">\n\t<div class=\"splw-lite-header-title-wrapper\">\n\t\t\t\t<div class=\"splw-lite-header-title\">\n\t\t\tWetter am Bodensee\t\t<\/div>\n\t\t<!-- area end -->\n\t\t<!-- Current Date Time area start -->\n\t\t\t\t\t<div class=\"splw-lite-current-time\">\n\t\t\t\t\t\t\t\t<span class=\"lw-time\">00:50,  <\/span>\n\t\t\t\t<!-- time area end -->\n\t\t\t\t\t\t\t\t<span class=\"lw-date\"> 18 April 2026<\/span>\n\t\t\t\t<!-- date area end -->\n\t\t\t<\/div>\n\t\t<!-- date time area end -->\n\t<\/div>\n<\/div>\n<!-- full area end -->\n<div class=\"splw-lite-current-temp\">\n\t<div class=\"splw-cur-temp\">\n\t\t<!-- weather icon html area start -->\n\t\t<!-- weather icon html area end -->\n\t\t<!-- weather current temperature html area start -->\n\t\t\t\t\t<span class=\"cur-temp\"> \n\t\t\t\t<span class=\"current-temperature\">10<\/span><span class=\"temperature-scale\">\u00b0C<\/span>\t\t\t<\/span>\n\t\t<!-- temperature html area end -->\n\t<\/div>\n<\/div>\n<div\n\tclass=\"splw-lite-daily-weather-details  lw-center \">\n\t<div class=\"splw-weather-details splw-other-opt\">\n\t\t\t<div class=\"splw-weather-icons icons_splw\">\n\t\t\t\t\t<!-- humidity area start -->\n\t\t\t\t\t\t<div class=\"splw-icon-humidity\">\n\t\t\t\t<span class=\"lw-title-wrapper\">\n\t\t\t\t\t<span class=\"details-icon\" title=\"Humidity\"><i class=\"splwp-icon-humidity-1\"><\/i><\/span>\t\t\t\t\t<span class=\"options-title\"><\/span>\n\t\t\t\t<\/span>\n\t\t\t\t<span class=\"options-value\">\n\t\t\t\t\t77 %\t\t\t\t<\/span>\n\t\t\t<\/div>\n\t\t\t\t\t\t<!-- humidity area end -->\n\t\t\t<!-- pressure area start -->\n\t\t\t\t\t\t<!-- pressure area end -->\n\t\t\t<!-- wind area start -->\n\t\t\t\t\t\t<!-- wind area end -->\n\t\t\t\t\t\t\t<\/div>\n\t\t\t\t<!-- Wind guest area start -->\n\t\t\t\t<div class=\"splw-gusts-wind\">\n\t\t\t<span class=\"lw-title-wrapper\">\n\t\t\t\t\t\t\t\t<span class=\"options-title\">Wind Gust:<\/span>\n\t\t\t<\/span>\n\t\t\t<span class=\"options-value\">\n\t\t\t\t5 mph\t\t\t<\/span>\n\t\t<\/div>\n\t\t\t\t<!-- Wind guest area end -->\n\t\t<!-- Clouds area start -->\n\t\t\t\t<div class=\"splw-clouds\">\n\t\t\t<span class=\"lw-title-wrapper\">\n\t\t\t\t\t\t\t\t<span class=\"options-title\">Clouds:<\/span>\n\t\t\t<\/span>\n\t\t\t<span class=\"options-value\">16%<\/span>\n\t\t<\/div>\n\t\t\t\t<!-- Clouds area end -->\n\t\t<!-- Visibility area start -->\n\t\t\t\t<!-- Visibility area end -->\n\t\t\t\t<div class=\"splw-sunrise\">\n\t\t\t<span class=\"lw-title-wrapper\">\n\t\t\t\t\n\t\t\t\t<span class=\"options-title\">Sunrise:<\/span>\n\t\t\t<\/span>\n\t\t\t<span class=\"options-value\">06:28<\/span>\n\t\t<\/div>\n\t\t<div class=\"splw-sunset\">\n\t\t\t<span class=\"lw-title-wrapper\">\n\t\t\t\t\t\t\t\t<span class=\"options-title\">Sunset:<\/span>\n\t\t\t<\/span>\n\t\t\t<span class=\"options-value\">20:15<\/span>\n\t\t<\/div>\n\t\t\t<\/div>\n<\/div>\n\t\t\t<\/div>\n\t\t\t\t<!-- weather detailed and updated html area start -->\n<!-- weather attribute html area end -->\n\t<\/div>\n<\/div>\n<\/div>\n<ul>\n<li>\n<div>Home<\/div>\n<\/li>\n<li>\n<p><a href=\"\/index.php?page_id=16\">\u00dcber das Hotel<\/a><\/p>\n<\/li>\n<li>\n<p><a href=\"\/index.php?page_id=18\">Zimmer<\/a><\/p>\n<\/li>\n<li>\n<p><a href=\"\/index.php?page_id=20\">Galerie<\/a><\/p>\n<\/li>\n<li>\n<p><a href=\"\/index.php?page_id=22\">Sehensw\u00fcrdigkeiten<\/a><\/p>\n<\/li>\n<li>\n<p><a href=\"\/index.php?page_id=26\">Karriere<\/a><\/p>\n<\/li>\n<\/ul>\n<ul>\n<li>\n<p><a href=\"\/index.php?page_id=852\">Impressum<\/a><\/p>\n<\/li>\n<li>\n<p><a href=\"\/index.php?page_id=512\">Dtenschutz<\/a><\/p>\n<\/li>\n<\/ul>\n<h3>Kontakt<\/h3>\n<ul>\n<li>\n<div><b>Bodensee Hotel Kreuz<\/b><br \/>Grasbeurerstr. 2<br \/>88690 Uhldingen-M\u00fchlhofen<br \/>Deutschland<\/div>\n<\/li>\n<li>\n<p><a href=\"mailto:info@example.com\">info@bodensee-hotel-kreuz.de<\/a><\/p>\n<\/li>\n<li>\n<p><a href=\"tel:+5551234678\">(+49) 07556 -92 88 90 <\/a><\/p>\n<\/li>\n<\/ul>\n<hr>\n<p><img decoding=\"async\" src=\"\/wp-content\/uploads\/2022\/08\/Logo-1hdpi.png\" alt=\"\"><\/p>\n<div>\u00a9 <script> document.currentScript.insertAdjacentHTML('afterend', '<time datetime=\"' + new Date().toJSON() + '\">' + new Intl.DateTimeFormat(document.documentElement.lang, {year: 'numeric'}).format() + '<\/time>'); <\/script> Bodensee Hotel Kreuz. All rights reserved.<\/div>\n<ul>\n<li><a href=\"https:\/\/facebook.com\/yootheme\">facebook<\/a>\n<\/li>\n<li><a href=\"http:\/\/www.instagram.com\">instagram<\/a>\n<\/li>\n<\/ul>\n<p><!--more--><br \/>\n<!-- {\"name\":\"Post Index\",\"type\":\"layout\",\"children\":[{\"type\":\"section\",\"props\":{\"animation\":\"fade\",\"image_position\":\"center-center\",\"overlap\":false,\"padding_bottom\":\"none\",\"padding_remove_horizontal\":true,\"padding_top\":\"none\",\"style\":\"default\",\"title_breakpoint\":\"xl\",\"title_position\":\"top-left\",\"title_rotation\":\"left\",\"vertical_align\":\"\",\"width\":\"default\",\"width_expand\":\"right\"},\"children\":[{\"type\":\"row\",\"props\":{\"column_gap\":\"medium\",\"layout\":\"2-5,3-5\",\"margin_bottom\":\"remove\",\"margin_top\":\"remove\",\"row_gap\":\"large\",\"width\":\"expand\",\"width_expand\":\"right\"},\"children\":[{\"type\":\"column\",\"props\":{\"image_position\":\"center-center\",\"position_sticky_breakpoint\":\"m\",\"vertical_align\":\"middle\",\"width_medium\":\"2-5\"},\"children\":[{\"type\":\"headline\",\"props\":{\"content\":\"\u00dcber das Hotel\",\"image_align\":\"left\",\"image_margin\":\"xsmall\",\"text_align\":\"left\",\"title_element\":\"h1\"}},{\"type\":\"divider\",\"props\":{\"animation\":\"none\",\"divider_element\":\"div\",\"divider_style\":\"small\",\"maxwidth\":\"medium\"}},{\"type\":\"text\",\"props\":{\"column_breakpoint\":\"m\",\"content\":\"\n\n<p>Das \u00e4lteste St\u00fcck des Gel\u00e4ndes ist der Altbau. Dieser wurde 1770 zuerst als Bauernhof, sp\u00e4ter als Postpferdestall betrieben. Wenig sp\u00e4ter wurde es zu einem Gasthaus umfunktioniert und blieb seit jeher in der Gastronomie und Hotellerie bestehen. Mitte der 1950er wurde der Mittelbau errichtet und Anfang der 80er schlie\u00dflich der Hoteltrakt.\n\nUnser Hotel liegt ca. 3 km vom Bodensee entfernt, im ruhigen Ortskern von M\u00fchlhofen. Ausgestattet mit Aufzug, Fahrradgarage und eigenem Restaurant, gro\u00dfem Fr\u00fchst\u00fccksraum mit ergiebigem, kontinentalem Fr\u00fchst\u00fccksbuffet, ist das Bodensee-Hotel Kreuz das perfekte Hotel f\u00fcr Tagesausfl\u00fcge am See. Viele Museen und Attraktionen sind \u00fcber die vielen, gut ausgebauten Fahrrad- und Wanderwege zu erreichen. In 15min Fu\u00dfweg liegen 2 Superm\u00e4rkte und mehrere Restaurants. Das Hotel verf\u00fcgt in begrenzter Zahl \u00fcber eigene Parkpl\u00e4tze sowie mehreren E-Ladepl\u00e4tzen. Sollten alle Parkpl\u00e4tze belegt sein, so gibt mehrere, kostenfreie Alternativen zum Abstellen Ihres Fahrzeugs.<\/p>\n\n\",\"margin_bottom\":\"default\",\"margin_top\":\"default\",\"text_align\":\"left\"}}]},{\"type\":\"column\",\"props\":{\"image_position\":\"center-center\",\"position_sticky_breakpoint\":\"m\",\"width_medium\":\"3-5\"},\"children\":[{\"type\":\"image\",\"props\":{\"block_align\":\"right\",\"image\":\"wp-content\/uploads\/2022\/10\/balkonbereich.jpg\",\"image_svg_color\":\"emphasis\",\"margin_bottom\":\"\",\"margin_top\":\"\",\"text_align\":\"right\"}}]}]}],\"name\":\"Posts\"},{\"name\":\"Footer\",\"type\":\"section\",\"props\":{\"class\":\"tm-footer\",\"image_position\":\"center-center\",\"image_size\":\"cover\",\"padding_bottom\":\"none\",\"style\":\"default\",\"title_breakpoint\":\"xl\",\"title_position\":\"top-left\",\"title_rotation\":\"left\",\"vertical_align\":\"\",\"width\":\"large\"},\"children\":[{\"type\":\"row\",\"props\":{\"divider\":true,\"layout\":\"1-4,1-4,1-4,1-4|1-2,1-2,1-2,1-2\",\"margin_bottom\":\"medium\",\"margin_top\":\"medium\"},\"children\":[{\"type\":\"column\",\"props\":{\"image_position\":\"center-center\",\"position_sticky_breakpoint\":\"m\",\"width_large\":\"1-4\",\"width_small\":\"1-1\"},\"children\":[{\"type\":\"html\",\"props\":{\"content\":\"[location-weather id=\\\"290\\\"]\"}}]},{\"type\":\"column\",\"props\":{\"image_position\":\"center-center\",\"position_sticky_breakpoint\":\"m\",\"width_small\":\"1-4\"},\"children\":[{\"type\":\"list\",\"props\":{\"column_breakpoint\":\"m\",\"content_style\":\"text-muted\",\"image_align\":\"left\",\"image_svg_color\":\"emphasis\",\"image_vertical_align\":true,\"list_element\":\"ul\",\"list_horizontal_separator\":\", \",\"list_type\":\"vertical\",\"show_image\":true,\"show_link\":true},\"children\":[{\"type\":\"list_item\",\"props\":{\"content\":\"Home\"}},{\"type\":\"list_item\",\"props\":{\"content\":\"\u00dcber das Hotel\",\"link\":\"index.php?page_id=16\"}},{\"type\":\"list_item\",\"props\":{\"content\":\"Zimmer\",\"link\":\"index.php?page_id=18\"}},{\"type\":\"list_item\",\"props\":{\"content\":\"Galerie\",\"link\":\"index.php?page_id=20\"}},{\"type\":\"list_item\",\"props\":{\"content\":\"Sehensw\u00fcrdigkeiten\",\"link\":\"index.php?page_id=22\"}},{\"type\":\"list_item\",\"props\":{\"content\":\"Karriere\",\"link\":\"index.php?page_id=26\"}}]}]},{\"type\":\"column\",\"props\":{\"image_position\":\"center-center\",\"position_sticky_breakpoint\":\"m\",\"width_small\":\"1-4\"},\"children\":[{\"type\":\"list\",\"props\":{\"column_breakpoint\":\"m\",\"image_align\":\"right\",\"image_svg_color\":\"emphasis\",\"image_vertical_align\":false,\"link_style\":\"text\",\"list_element\":\"ol\",\"list_horizontal_separator\":\", \",\"list_type\":\"vertical\",\"show_image\":true,\"show_link\":true,\"text_align\":\"left\",\"text_align_breakpoint\":\"s\",\"text_align_fallback\":\"left\"},\"children\":[{\"type\":\"list_item\",\"props\":{\"content\":\"Impressum\",\"link\":\"index.php?page_id=852\"}},{\"type\":\"list_item\",\"props\":{\"content\":\"Dtenschutz\",\"link\":\"index.php?page_id=512\"}}]}]},{\"type\":\"column\",\"props\":{\"image_position\":\"center-center\",\"position_sticky_breakpoint\":\"m\",\"width_small\":\"1-4\"},\"children\":[{\"type\":\"headline\",\"props\":{\"content\":\"Kontakt\",\"image_align\":\"left\",\"image_margin\":\"xsmall\",\"text_align\":\"left\",\"text_align_breakpoint\":\"s\",\"text_align_fallback\":\"center\",\"title_element\":\"h3\",\"title_style\":\"h5\"}},{\"type\":\"list\",\"props\":{\"column_breakpoint\":\"m\",\"image_align\":\"left\",\"image_svg_color\":\"emphasis\",\"image_vertical_align\":false,\"link_style\":\"text\",\"list_element\":\"ol\",\"list_horizontal_separator\":\", \",\"list_type\":\"vertical\",\"show_image\":true,\"show_link\":true,\"text_align\":\"left\",\"text_align_breakpoint\":\"m\",\"text_align_fallback\":\"left\"},\"children\":[{\"type\":\"list_item\",\"props\":{\"content\":\"<b>Bodensee Hotel Kreuz<\/b><br \/>Grasbeurerstr. 2<br \/>88690 Uhldingen-M\u00fchlhofen<br \/>Deutschland\"}},{\"type\":\"list_item\",\"props\":{\"content\":\"info@bodensee-hotel-kreuz.de\",\"icon\":\"mail\",\"link\":\"mailto:info@example.com\"}},{\"type\":\"list_item\",\"props\":{\"content\":\"(+49) 07556 -92 88 90 \",\"icon\":\"receiver\",\"link\":\"tel:+5551234678\"}}]}]}]}]},{\"type\":\"section\",\"props\":{\"image_position\":\"center-center\",\"style\":\"default\",\"title_breakpoint\":\"xl\",\"title_position\":\"top-left\",\"title_rotation\":\"left\",\"vertical_align\":\"\",\"width\":\"large\"},\"children\":[{\"type\":\"row\",\"props\":{\"margin_bottom\":\"medium\",\"margin_top\":\"medium\"},\"children\":[{\"type\":\"column\",\"props\":{\"image_position\":\"center-center\",\"position_sticky_breakpoint\":\"m\",\"width_medium\":\"1-1\"},\"children\":[{\"type\":\"divider\",\"props\":{\"divider_element\":\"hr\"}},{\"type\":\"image\",\"props\":{\"image\":\"wp-content\/uploads\/2022\/08\/Logo-1hdpi.png\",\"image_svg_color\":\"emphasis\",\"image_svg_inline\":true,\"image_width\":\"60\",\"margin_bottom\":\"medium\",\"margin_top\":\"medium\",\"text_align\":\"center\"}},{\"type\":\"text\",\"props\":{\"class\":\"uk-text-uppercase\",\"column_breakpoint\":\"m\",\"content\":\"\u00a9 <script> document.currentScript.insertAdjacentHTML('afterend', '<time datetime=\\\"' + new Date().toJSON() + '\\\">' + new Intl.DateTimeFormat(document.documentElement.lang, {year: 'numeric'}).format() + '<\/time>'); <\/script> Bodensee Hotel Kreuz. All rights reserved.\",\"margin_bottom\":\"default\",\"margin_top\":\"default\",\"text_align\":\"center\",\"text_style\":\"small\"}},{\"type\":\"social\",\"props\":{\"grid\":\"horizontal\",\"grid_column_gap\":\"small\",\"grid_row_gap\":\"small\",\"image_svg_inline\":true,\"link_style\":\"\",\"link_target\":true,\"margin_bottom\":\"default\",\"margin_top\":\"default\",\"text_align\":\"center\"},\"children\":[{\"type\":\"social_item\",\"props\":{\"link\":\"https:\/\/facebook.com\/yootheme\"}},{\"type\":\"social_item\",\"props\":{\"link\":\"http:\/\/www.instagram.com\"}}]}]}]}],\"name\":\"2022.09.08-Copyright\"}],\"version\":\"5.0.7\"} --><\/p>\n","protected":false},"excerpt":{"rendered":"<p>\u00dcber das Hotel Das \u00e4lteste St\u00fcck des Gel\u00e4ndes ist der Altbau. Dieser wurde 1770 zuerst als Bauernhof, sp\u00e4ter als Postpferdestall betrieben. Wenig sp\u00e4ter wurde es zu einem Gasthaus umfunktioniert und blieb seit jeher in der Gastronomie und Hotellerie bestehen. Mitte der 1950er wurde der Mittelbau errichtet und Anfang der 80er schlie\u00dflich der Hoteltrakt. Unser Hotel [&hellip;]<\/p>\n","protected":false},"author":1,"featured_media":0,"parent":0,"menu_order":0,"comment_status":"closed","ping_status":"closed","template":"","meta":{"footnotes":""},"class_list":["post-16","page","type-page","status-publish","hentry"],"_links":{"self":[{"href":"https:\/\/www.bodensee-hotel-kreuz.de\/de\/wp-json\/wp\/v2\/pages\/16","targetHints":{"allow":["GET"]}}],"collection":[{"href":"https:\/\/www.bodensee-hotel-kreuz.de\/de\/wp-json\/wp\/v2\/pages"}],"about":[{"href":"https:\/\/www.bodensee-hotel-kreuz.de\/de\/wp-json\/wp\/v2\/types\/page"}],"author":[{"embeddable":true,"href":"https:\/\/www.bodensee-hotel-kreuz.de\/de\/wp-json\/wp\/v2\/users\/1"}],"replies":[{"embeddable":true,"href":"https:\/\/www.bodensee-hotel-kreuz.de\/de\/wp-json\/wp\/v2\/comments?post=16"}],"version-history":[{"count":78,"href":"https:\/\/www.bodensee-hotel-kreuz.de\/de\/wp-json\/wp\/v2\/pages\/16\/revisions"}],"predecessor-version":[{"id":1110,"href":"https:\/\/www.bodensee-hotel-kreuz.de\/de\/wp-json\/wp\/v2\/pages\/16\/revisions\/1110"}],"wp:attachment":[{"href":"https:\/\/www.bodensee-hotel-kreuz.de\/de\/wp-json\/wp\/v2\/media?parent=16"}],"curies":[{"name":"wp","href":"https:\/\/api.w.org\/{rel}","templated":true}]}}