{"id":722,"date":"2022-10-04T08:16:16","date_gmt":"2022-10-04T08:16:16","guid":{"rendered":"https:\/\/2022.bodensee-hotel-kreuz.de\/?page_id=722"},"modified":"2026-02-26T13:35:06","modified_gmt":"2026-02-26T13:35:06","slug":"housekeeping","status":"publish","type":"page","link":"https:\/\/www.bodensee-hotel-kreuz.de\/de\/housekeeping\/","title":{"rendered":"Housekeeping"},"content":{"rendered":"<div>\n<p style=\"text-align: center;\">offene Stelle als<\/p>\n<\/div>\n<h1>Housekeeping (m\/w\/d)<\/h1>\n<p><p>\n        <a href=\"mailto:info@hotel-kreuz.de\">Jetzt bewerben<\/a>\n    <\/p>\n<\/p>\n<p><img decoding=\"async\" src=\"\/wp-content\/uploads\/2022\/09\/Hotel-Kreuz-bodensee-zimmermaedchen_01.jpg\" alt=\"\"><\/p>\n<ul>\n<li>\n<div>M\u00fchlhofen<\/div>\n<p>Standort<\/p>\n<\/li>\n<li>\n<div>Vollzeit<\/div>\n<p>Arbeitszeit<\/p>\n<\/li>\n<li>\n<div>Berufserfahrung<\/div>\n<p>Qualifikation<\/p>\n<\/li>\n<\/ul>\n<h2>Standort: Uhldingen-M\u00fchlhofen<\/h2>\n<div>Sie haben daran Interesse in einem internationalen Umfeld zu arbeiten? In der Hotellerie und Gastronomie erwartet Sie viel Abwechslung und Spannung. Folgende Stellen sind aktuell frei:<\/div>\n<h2>Ihr Aufgabengebiet<\/h2>\n<ul>\n<li>\n<div>Zugeteilte Bereiche sachgerecht reinigen<\/div>\n<\/li>\n<li>\n<div>G\u00e4stezimmer f\u00fcr Anreisen vorbereiten<\/div>\n<\/li>\n<li>\n<div>G\u00e4stezimmer w\u00e4hrend des Gastaufenthaltes sauber halten<\/div>\n<\/li>\n<li>\n<div>eventuelle Reparatur Arbeiten weiterleiten<\/div>\n<\/li>\n<li>\n<div>G\u00e4stereklamationen beheben oder weiterleiten<\/div>\n<\/li>\n<li>\n<div>8-Stunden-Schicht<\/div>\n<\/li>\n<li>\n<div>Feiertagsarbeit<\/div>\n<\/li>\n<li>\n<div>Fr\u00fchschicht, Tagschicht, Wochenendarbeit\n<\/div>\n<\/li>\n<\/ul>\n<h2>Ihr Profil<\/h2>\n<ul>\n<li>\n<div>Vorkenntnisse in Housekeeping von Vorteil<\/div>\n<\/li>\n<li>\n<div>Grundkenntnisse der deutschen Sprache<\/div>\n<\/li>\n<li>\n<div>Soziale Kompetenzen: Ehrlichkeit, Sauberkeit, P\u00fcnktlichkeit, Freundlichkeit, Teamf\u00e4higkeit<\/div>\n<\/li>\n<\/ul>\n<h2>Wir bieten Ihnen<\/h2>\n<ul>\n<li>\n<div>\n<p class=\"p1\">Wertegesteuertes Unternehmen<\/p>\n<\/div>\n<\/li>\n<li>\n<div>\n<p class=\"p1\">dynamisches Team<\/p>\n<\/div>\n<\/li>\n<li>\n<div>\n<p class=\"p1\">Aufgabenbereich mit Verantwortung und Freiraum<\/p>\n<\/div>\n<\/li>\n<li>\n<div>Firmenwohnung auf Wunsch<\/div>\n<\/li>\n<li>\n<div>Mitarbeiter-Rabatt, Trinkgeld, Zusatzzahlungen<\/div>\n<\/li>\n<\/ul>\n<div>Ma\u00dfnahmen im Angesicht von COVID-19:<br \/>\nMNS-Masken werden zur Verf\u00fcgung gestellt; Handschuhe werden zur Verf\u00fcgung gestellt;<br \/>\nMehrere Desinfektionsmittelspender sind im Haus; Generelle Maskenpflicht im Geb\u00e4ude.<\/div>\n<h1>JETZT BEWERBEN<\/h1>\n<h1>Wir freuen uns, Sie kennenzulernen!<\/h1>\n<h1><a href=\"\/info@alvaris.com\">info@bodensee-hotel-kreuz.de<\/a><\/h1>\n<div><a href=\"tel:+43552273011\">+49 (0) 7556 &#8211; 92889-0<\/a><\/div>\n<div>Bodensee-Hotel Kreuz GmbH<br \/>\nGrasbeurer Stra\u00dfe 2<br \/>\n88690 Uhldingen-M\u00fchlhofen<\/div>\n<div>Folgen Sie uns<\/div>\n<ul>\n<li><a href=\"#\">social<\/a>\n<\/li>\n<li><a href=\"#\">social<\/a>\n<\/li>\n<li><a href=\"#\">social<\/a>\n<\/li>\n<li><a href=\"#\">social<\/a>\n<\/li>\n<\/ul>\n<ul>\n<li>\n        <a href=\"\/index.php?page_id=852\">Impressum<\/a>\n    <\/li>\n<li>\n        <a href=\"\/index.php?page_id=512\">Datenschutz<\/a>\n    <\/li>\n<\/ul>\n<p><!--more--><br \/>\n<!-- {\"type\":\"layout\",\"children\":[{\"type\":\"section\",\"props\":{\"animation\":\"slide-bottom-medium\",\"animation_delay\":\"100\",\"header_transparent\":true,\"header_transparent_text_color\":\"dark\",\"image_position\":\"center-center\",\"padding_bottom\":\"small\",\"padding_top\":\"small\",\"style\":\"default\",\"title_breakpoint\":\"xl\",\"title_position\":\"top-left\",\"title_rotation\":\"left\",\"vertical_align\":\"\",\"width\":\"\"},\"children\":[{\"type\":\"row\",\"children\":[{\"type\":\"column\",\"props\":{\"image_position\":\"center-center\",\"position_sticky_breakpoint\":\"m\",\"vertical_align\":\"middle\",\"width_medium\":\"1-3\"},\"children\":[{\"type\":\"text\",\"props\":{\"column_breakpoint\":\"m\",\"content\":\"\n\n<p style=\\\"text-align: center;\\\">offene Stelle als<\/p>\n\n\",\"margin_bottom\":\"default\",\"margin_top\":\"default\",\"text_style\":\"meta\"}},{\"type\":\"headline\",\"props\":{\"content\":\"Housekeeping (m\/w\/d)\",\"image_align\":\"left\",\"image_margin\":\"xsmall\",\"margin_bottom\":\"remove\",\"margin_top\":\"default\",\"position\":\"relative\",\"position_z_index\":\"1\",\"text_align\":\"center\",\"title_element\":\"h1\",\"title_style\":\"h3\"}},{\"type\":\"button\",\"props\":{\"grid_column_gap\":\"small\",\"grid_row_gap\":\"small\",\"margin_bottom\":\"remove\",\"margin_top\":\"medium\",\"position\":\"relative\",\"position_z_index\":\"1\",\"text_align\":\"center\"},\"children\":[{\"type\":\"button_item\",\"props\":{\"button_style\":\"secondary\",\"content\":\"Jetzt bewerben\",\"dialog_layout\":\"modal\",\"dialog_offcanvas_flip\":true,\"icon_align\":\"left\",\"link\":\"mailto:info@hotel-kreuz.de\"}}]}]},{\"type\":\"column\",\"props\":{\"image_position\":\"center-center\",\"position_sticky_breakpoint\":\"m\",\"vertical_align\":\"middle\",\"width_medium\":\"2-3\"},\"children\":[{\"type\":\"image\",\"props\":{\"image\":\"wp-content\/uploads\/2022\/09\/Hotel-Kreuz-bodensee-zimmermaedchen_01.jpg\",\"image_svg_color\":\"emphasis\",\"margin_bottom\":\"default\",\"margin_top\":\"default\"}}]}],\"props\":{\"layout\":\"1-3,2-3\"}}],\"modified\":\"2021-01-06T11:46:05.180Z\",\"name\":\"Hero\"},{\"type\":\"section\",\"props\":{\"animation\":\"slide-bottom-medium\",\"animation_delay\":\"100\",\"header_transparent\":true,\"header_transparent_text_color\":\"dark\",\"image_position\":\"center-center\",\"padding_bottom\":\"none\",\"padding_top\":\"large\",\"style\":\"default\",\"title_breakpoint\":\"xl\",\"title_position\":\"top-left\",\"title_rotation\":\"left\",\"vertical_align\":\"\",\"width\":\"small\"},\"children\":[{\"type\":\"row\",\"children\":[{\"type\":\"column\",\"props\":{\"image_position\":\"center-center\",\"position_sticky_breakpoint\":\"m\"},\"children\":[{\"type\":\"grid\",\"props\":{\"content_column_breakpoint\":\"m\",\"filter_align\":\"left\",\"filter_all\":true,\"filter_grid_breakpoint\":\"m\",\"filter_grid_width\":\"auto\",\"filter_position\":\"top\",\"filter_style\":\"tab\",\"grid_column_gap\":\"medium\",\"grid_default\":\"1\",\"grid_medium\":\"\",\"grid_row_gap\":\"medium\",\"grid_small\":\"3\",\"image_align\":\"top\",\"image_grid_breakpoint\":\"m\",\"image_grid_width\":\"1-2\",\"image_svg_color\":\"emphasis\",\"item_animation\":true,\"lightbox_bg_close\":true,\"link_style\":\"default\",\"link_text\":\"Read more\",\"margin_bottom\":\"remove\",\"margin_top\":\"large\",\"meta_align\":\"above-title\",\"meta_color\":\"muted\",\"meta_element\":\"div\",\"meta_style\":\"\",\"panel_padding\":\"default\",\"panel_style\":\"card-default\",\"parallax_easing\":\"1\",\"show_content\":true,\"show_hover_image\":true,\"show_hover_video\":true,\"show_image\":true,\"show_link\":true,\"show_meta\":true,\"show_title\":true,\"show_video\":true,\"text_align\":\"center\",\"title_align\":\"top\",\"title_element\":\"div\",\"title_grid_breakpoint\":\"m\",\"title_grid_width\":\"1-2\",\"title_hover_style\":\"reset\",\"title_margin\":\"small\",\"title_style\":\"h5\"},\"children\":[{\"type\":\"grid_item\",\"props\":{\"meta\":\"Standort\",\"title\":\"M\u00fchlhofen\"}},{\"type\":\"grid_item\",\"props\":{\"meta\":\"Arbeitszeit\",\"title\":\"Vollzeit\"}},{\"type\":\"grid_item\",\"props\":{\"meta\":\"Qualifikation\",\"title\":\"Berufserfahrung\"}}]}]}]}],\"modified\":\"2021-01-06T11:46:05.180Z\",\"name\":\"Hero\"},{\"type\":\"section\",\"props\":{\"animation\":\"fade\",\"animation_delay\":\"200\",\"image_position\":\"center-center\",\"padding_bottom\":\"none\",\"padding_top\":\"large\",\"style\":\"default\",\"title_breakpoint\":\"xl\",\"title_position\":\"top-left\",\"title_rotation\":\"left\",\"vertical_align\":\"\",\"width\":\"xsmall\"},\"children\":[{\"type\":\"row\",\"children\":[{\"type\":\"column\",\"props\":{\"image_position\":\"center-center\",\"position_sticky_breakpoint\":\"m\"},\"children\":[{\"type\":\"headline\",\"props\":{\"animation\":\"none\",\"content\":\"Standort: Uhldingen-M\u00fchlhofen\",\"image_align\":\"left\",\"image_margin\":\"xsmall\",\"margin_bottom\":\"medium\",\"margin_top\":\"medium\",\"position\":\"relative\",\"position_z_index\":\"1\",\"title_element\":\"h2\"}},{\"type\":\"text\",\"props\":{\"animation\":\"none\",\"column_breakpoint\":\"m\",\"content\":\"Sie haben daran Interesse in einem internationalen Umfeld zu arbeiten? In der Hotellerie und Gastronomie erwartet Sie viel Abwechslung und Spannung. Folgende Stellen sind aktuell frei:\",\"margin_bottom\":\"default\",\"margin_top\":\"default\",\"position\":\"relative\",\"position_z_index\":\"1\"}},{\"type\":\"headline\",\"props\":{\"animation\":\"none\",\"content\":\"Ihr Aufgabengebiet\",\"image_align\":\"left\",\"image_margin\":\"xsmall\",\"margin_bottom\":\"remove\",\"margin_top\":\"large\",\"position\":\"relative\",\"position_z_index\":\"1\",\"title_element\":\"h2\",\"title_style\":\"h3\"}},{\"type\":\"list\",\"props\":{\"animation\":\"none\",\"column_breakpoint\":\"m\",\"image_align\":\"left\",\"image_svg_color\":\"emphasis\",\"image_vertical_align\":true,\"list_element\":\"ul\",\"list_horizontal_separator\":\", \",\"list_marker\":\"disc\",\"list_marker_color\":\"primary\",\"list_type\":\"vertical\",\"position\":\"relative\",\"position_z_index\":\"1\",\"show_image\":true,\"show_link\":true},\"children\":[{\"type\":\"list_item\",\"props\":{\"content\":\"Zugeteilte Bereiche sachgerecht reinigen\"}},{\"type\":\"list_item\",\"props\":{\"content\":\"G\u00e4stezimmer f\u00fcr Anreisen vorbereiten\"}},{\"type\":\"list_item\",\"props\":{\"content\":\"G\u00e4stezimmer w\u00e4hrend des Gastaufenthaltes sauber halten\"}},{\"type\":\"list_item\",\"props\":{\"content\":\"eventuelle Reparatur Arbeiten weiterleiten\"}},{\"type\":\"list_item\",\"props\":{\"content\":\"G\u00e4stereklamationen beheben oder weiterleiten\"}},{\"type\":\"list_item\",\"props\":{\"content\":\"8-Stunden-Schicht\"}},{\"type\":\"list_item\",\"props\":{\"content\":\"Feiertagsarbeit\"}},{\"type\":\"list_item\",\"props\":{\"content\":\"Fr\u00fchschicht, Tagschicht, Wochenendarbeit\\n\"}}]},{\"type\":\"headline\",\"props\":{\"animation\":\"none\",\"content\":\"Ihr Profil\",\"image_align\":\"left\",\"image_margin\":\"xsmall\",\"margin_bottom\":\"remove\",\"margin_top\":\"large\",\"position\":\"relative\",\"position_z_index\":\"1\",\"title_element\":\"h2\",\"title_style\":\"h3\"}},{\"type\":\"list\",\"props\":{\"animation\":\"none\",\"column_breakpoint\":\"m\",\"image_align\":\"left\",\"image_svg_color\":\"emphasis\",\"image_vertical_align\":true,\"list_element\":\"ul\",\"list_horizontal_separator\":\", \",\"list_marker\":\"disc\",\"list_marker_color\":\"primary\",\"list_type\":\"vertical\",\"position\":\"relative\",\"position_z_index\":\"1\",\"show_image\":true,\"show_link\":true},\"children\":[{\"type\":\"list_item\",\"props\":{\"content\":\"Vorkenntnisse in Housekeeping von Vorteil\"}},{\"type\":\"list_item\",\"props\":{\"content\":\"Grundkenntnisse der deutschen Sprache\"}},{\"type\":\"list_item\",\"props\":{\"content\":\"Soziale Kompetenzen: Ehrlichkeit, Sauberkeit, P\u00fcnktlichkeit, Freundlichkeit, Teamf\u00e4higkeit\"}}]},{\"type\":\"headline\",\"props\":{\"animation\":\"none\",\"content\":\"Wir bieten Ihnen\",\"image_align\":\"left\",\"image_margin\":\"xsmall\",\"margin_bottom\":\"remove\",\"margin_top\":\"large\",\"position\":\"relative\",\"position_z_index\":\"1\",\"title_element\":\"h2\",\"title_style\":\"h3\"}},{\"type\":\"list\",\"props\":{\"animation\":\"none\",\"column_breakpoint\":\"m\",\"image_align\":\"left\",\"image_svg_color\":\"emphasis\",\"image_vertical_align\":true,\"list_element\":\"ul\",\"list_horizontal_separator\":\", \",\"list_marker\":\"disc\",\"list_marker_color\":\"primary\",\"list_type\":\"vertical\",\"position\":\"relative\",\"position_z_index\":\"1\",\"show_image\":true,\"show_link\":true},\"children\":[{\"type\":\"list_item\",\"props\":{\"content\":\"\n\n<p class=\\\"p1\\\">Wertegesteuertes Unternehmen<\/p>\n\n\"}},{\"type\":\"list_item\",\"props\":{\"content\":\"\n\n<p class=\\\"p1\\\">dynamisches Team<\/p>\n\n\"}},{\"type\":\"list_item\",\"props\":{\"content\":\"\n\n<p class=\\\"p1\\\">Aufgabenbereich mit Verantwortung und Freiraum<\/p>\n\n\"}},{\"type\":\"list_item\",\"props\":{\"content\":\"Firmenwohnung auf Wunsch\"}},{\"type\":\"list_item\",\"props\":{\"content\":\"Mitarbeiter-Rabatt, Trinkgeld, Zusatzzahlungen\"}}]}]}]}],\"name\":\"Job Description\"},{\"type\":\"section\",\"props\":{\"image_position\":\"center-center\",\"style\":\"default\",\"title_breakpoint\":\"xl\",\"title_position\":\"top-left\",\"title_rotation\":\"left\",\"vertical_align\":\"\",\"width\":\"default\"},\"children\":[{\"type\":\"row\",\"children\":[{\"type\":\"column\",\"props\":{\"image_position\":\"center-center\",\"position_sticky_breakpoint\":\"m\"},\"children\":[{\"type\":\"text\",\"props\":{\"column_breakpoint\":\"m\",\"content\":\"Ma\u00dfnahmen im Angesicht von COVID-19:\\nMNS-Masken werden zur Verf\u00fcgung gestellt; Handschuhe werden zur Verf\u00fcgung gestellt; \\nMehrere Desinfektionsmittelspender sind im Haus; Generelle Maskenpflicht im Geb\u00e4ude.\",\"margin_bottom\":\"default\",\"margin_top\":\"default\"}}]}]}]},{\"type\":\"section\",\"props\":{\"image_position\":\"center-center\",\"padding_bottom\":\"none\",\"padding_top\":\"small\",\"preserve_color\":false,\"style\":\"default\",\"title_breakpoint\":\"xl\",\"title_position\":\"top-left\",\"title_rotation\":\"left\",\"vertical_align\":\"\",\"width\":\"expand\",\"width_expand\":\"right\"},\"children\":[{\"type\":\"row\",\"props\":{\"column_gap\":\"collapse\",\"layout\":\"2-5,3-5\",\"margin_bottom\":\"small\",\"margin_top\":\"small\",\"padding_remove_horizontal\":true,\"row_gap\":\"collapse\",\"width\":\"expand\",\"width_expand\":\"right\"},\"children\":[{\"type\":\"column\",\"props\":{\"image\":\"wp-content\/uploads\/2022\/09\/hotel-kreuz-bodensee-rezeption.jpg\",\"image_position\":\"center-center\",\"image_size\":\"cover\",\"media_background\":\"#AC2F2F\",\"padding\":\"none\",\"position_sticky\":\"column\",\"position_sticky_breakpoint\":\"m\",\"width_medium\":\"2-5\"}},{\"type\":\"column\",\"props\":{\"image_position\":\"center-center\",\"position_sticky\":\"column\",\"position_sticky_breakpoint\":\"m\",\"style\":\"tile-primary\",\"vertical_align\":\"middle\",\"width_medium\":\"3-5\"},\"children\":[{\"type\":\"headline\",\"props\":{\"block_align\":\"center\",\"content\":\"JETZT BEWERBEN\",\"image_align\":\"left\",\"image_margin\":\"xsmall\",\"maxwidth\":\"xlarge\",\"title_element\":\"h1\",\"title_style\":\"h2\"}},{\"type\":\"headline\",\"props\":{\"block_align\":\"center\",\"content\":\"Wir freuen uns, Sie kennenzulernen!\",\"image_align\":\"left\",\"image_margin\":\"xsmall\",\"margin_top\":\"remove\",\"maxwidth\":\"xlarge\",\"title_color\":\"emphasis\",\"title_element\":\"h1\",\"title_style\":\"text-lead\"}},{\"type\":\"headline\",\"props\":{\"block_align\":\"center\",\"content\":\"info@bodensee-hotel-kreuz.de\",\"image_align\":\"left\",\"image_margin\":\"xsmall\",\"link\":\"info@alvaris.com\",\"link_style\":true,\"link_target\":true,\"margin_bottom\":\"remove\",\"margin_top\":\"remove\",\"maxwidth\":\"xlarge\",\"title_color\":\"emphasis\",\"title_element\":\"h1\",\"title_style\":\"h3\"}},{\"type\":\"headline\",\"props\":{\"block_align\":\"center\",\"content\":\"+49 (0) 7556 - 92889-0\",\"image_align\":\"left\",\"image_margin\":\"xsmall\",\"link\":\"tel:+43552273011\",\"link_style\":true,\"margin_bottom\":\"remove\",\"margin_top\":\"remove\",\"maxwidth\":\"xlarge\",\"text_align_breakpoint\":\"m\",\"text_align_fallback\":\"center\",\"title_color\":\"emphasis\",\"title_element\":\"div\",\"title_style\":\"h3\"}},{\"type\":\"text\",\"props\":{\"block_align\":\"center\",\"column_breakpoint\":\"m\",\"content\":\"Bodensee-Hotel Kreuz GmbH<br \/>\\nGrasbeurer Stra\u00dfe 2<br \/>\\n88690 Uhldingen-M\u00fchlhofen<br \/>\",\"margin_bottom\":\"default\",\"margin_top\":\"default\",\"maxwidth\":\"xlarge\",\"text_color\":\"emphasis\"}},{\"type\":\"text\",\"props\":{\"block_align\":\"center\",\"column_breakpoint\":\"m\",\"content\":\"Folgen Sie uns\",\"margin_bottom\":\"default\",\"margin_top\":\"default\",\"maxwidth\":\"xlarge\",\"text_color\":\"emphasis\"}},{\"type\":\"social\",\"props\":{\"block_align\":\"center\",\"grid\":\"horizontal\",\"grid_column_gap\":\"small\",\"grid_row_gap\":\"small\",\"image_svg_inline\":true,\"link_style\":\"button\",\"margin_bottom\":\"default\",\"margin_top\":\"default\",\"maxwidth\":\"xlarge\"},\"children\":[{\"type\":\"social_item\",\"props\":{\"icon\":\"instagram\",\"link\":\"#\"}},{\"type\":\"social_item\",\"props\":{\"icon\":\"facebook\",\"link\":\"#\"}},{\"type\":\"social_item\",\"props\":{\"icon\":\"xing\",\"link\":\"#\"}},{\"type\":\"social_item\",\"props\":{\"icon\":\"linkedin\",\"link\":\"#\"}}]},{\"type\":\"subnav\",\"props\":{\"block_align\":\"center\",\"margin_bottom\":\"remove\",\"margin_top\":\"remove\",\"maxwidth\":\"xlarge\",\"show_image\":true},\"children\":[{\"type\":\"subnav_item\",\"props\":{\"content\":\"Impressum\",\"link\":\"index.php?page_id=852\"}},{\"type\":\"subnav_item\",\"props\":{\"content\":\"Datenschutz\",\"link\":\"index.php?page_id=512\"}}]}]}]}],\"name\":\"Footer-Karriere\"}],\"version\":\"5.0.7\"} --><\/p>\n","protected":false},"excerpt":{"rendered":"<p>offene Stelle als Housekeeping (m\/w\/d) Jetzt bewerben M\u00fchlhofen Standort Vollzeit Arbeitszeit Berufserfahrung Qualifikation Standort: Uhldingen-M\u00fchlhofen Sie haben daran Interesse in einem internationalen Umfeld zu arbeiten? In der Hotellerie und Gastronomie erwartet Sie viel Abwechslung und Spannung. Folgende Stellen sind aktuell frei: Ihr Aufgabengebiet Zugeteilte Bereiche sachgerecht reinigen G\u00e4stezimmer f\u00fcr Anreisen vorbereiten G\u00e4stezimmer w\u00e4hrend des Gastaufenthaltes [&hellip;]<\/p>\n","protected":false},"author":1,"featured_media":0,"parent":0,"menu_order":0,"comment_status":"closed","ping_status":"closed","template":"","meta":{"footnotes":""},"class_list":["post-722","page","type-page","status-publish","hentry"],"_links":{"self":[{"href":"https:\/\/www.bodensee-hotel-kreuz.de\/de\/wp-json\/wp\/v2\/pages\/722","targetHints":{"allow":["GET"]}}],"collection":[{"href":"https:\/\/www.bodensee-hotel-kreuz.de\/de\/wp-json\/wp\/v2\/pages"}],"about":[{"href":"https:\/\/www.bodensee-hotel-kreuz.de\/de\/wp-json\/wp\/v2\/types\/page"}],"author":[{"embeddable":true,"href":"https:\/\/www.bodensee-hotel-kreuz.de\/de\/wp-json\/wp\/v2\/users\/1"}],"replies":[{"embeddable":true,"href":"https:\/\/www.bodensee-hotel-kreuz.de\/de\/wp-json\/wp\/v2\/comments?post=722"}],"version-history":[{"count":28,"href":"https:\/\/www.bodensee-hotel-kreuz.de\/de\/wp-json\/wp\/v2\/pages\/722\/revisions"}],"predecessor-version":[{"id":1081,"href":"https:\/\/www.bodensee-hotel-kreuz.de\/de\/wp-json\/wp\/v2\/pages\/722\/revisions\/1081"}],"wp:attachment":[{"href":"https:\/\/www.bodensee-hotel-kreuz.de\/de\/wp-json\/wp\/v2\/media?parent=722"}],"curies":[{"name":"wp","href":"https:\/\/api.w.org\/{rel}","templated":true}]}}