{"id":852,"date":"2022-10-04T09:36:33","date_gmt":"2022-10-04T09:36:33","guid":{"rendered":"https:\/\/2022.bodensee-hotel-kreuz.de\/?page_id=852"},"modified":"2026-02-25T12:44:44","modified_gmt":"2026-02-25T12:44:44","slug":"impressum","status":"publish","type":"page","link":"https:\/\/www.bodensee-hotel-kreuz.de\/de\/impressum\/","title":{"rendered":"Impressum"},"content":{"rendered":"<h1>Impressum<\/h1>\n<h2>Bodensee Hotel Kreuz<\/h2>\n<div>Grasbeurer Stra\u00dfe 2<br \/>\n88690 Uhldingen-M\u00fchlhofen<\/div>\n<div>Gesch\u00e4ftsf\u00fchrer und verantwortlich<br \/> f\u00fcr den Inhalt dieser Web-Seiten:<\/div>\n<div>GS Augsburg Hotelbetriebs GmbH<\/div>\n<div>\n<p><span>Viktoria Stra\u00dfe 4<\/span><br \/><span>86150 Augsburg<\/span><\/p>\n<\/div>\n<ul>\n<li>\n<p>\n        <a href=\"tel:+497556928890\">Tel.: +49 (0) 7556 &#8211; 92889-0 <\/a>\n    <\/p>\n<\/li>\n<li>\n<p>\n        <a href=\"mailto:info@bodensee-hotel-kreuz.de\">info@bodensee-hotel-kreuz.de<\/a>\n    <\/p>\n<\/li>\n<li>\n<p>\n        <a href=\"USt-IdNr.: DE327545317\">USt-IdNr.: DE327545317<\/a>\n    <\/p>\n<\/li>\n<li>\n<p>\n        <a href=\"\/Amtsgericht%20Augsburg,%20HRB%2040147\">Amtsgericht Augsburg, HRB 40147<\/a>\n    <\/p>\n<\/li>\n<\/ul>\n<div>Trotz sorgf\u00e4ltiger Pr\u00fcfung wird f\u00fcr externe Links keine Haftung \u00fcbernommen.<\/div>\n<h1>Konzeption und Gestaltung der Website:<\/h1>\n<div><strong>SERO | DESIGN<\/strong><br \/>\nIm Sieble 22<br \/>\n88690 Uhldingen-M\u00fchlhofen<br \/>\nDeutschland<\/div>\n<ul>\n<li>\n<div>+49 (0) 7556 93 28 453<\/div>\n<\/li>\n<li>\n<p><a href=\"mailto:info@sero-design.de\">info@sero-design.de<\/a><\/p>\n<\/li>\n<li>\n<p><a href=\"\/www.sero-design.de\">www.sero-design.de<\/a><\/p>\n<\/li>\n<\/ul>\n<p><!--more--><br \/>\n<!-- {\"type\":\"layout\",\"children\":[{\"name\":\"Hero\",\"type\":\"section\",\"props\":{\"image_position\":\"center-center\",\"padding_bottom\":\"none\",\"padding_top\":\"none\",\"style\":\"default\",\"title\":\"Imprint\",\"title_breakpoint\":\"xl\",\"title_position\":\"center-right\",\"title_rotation\":\"left\",\"vertical_align\":\"\",\"width\":\"\"},\"children\":[{\"type\":\"row\",\"props\":{\"height\":\"viewport\",\"height_viewport_offset\":true,\"layout\":\"1-2,1-2\"},\"children\":[{\"type\":\"column\",\"props\":{\"image\":\"wp-content\/uploads\/2022\/10\/DSC_2762-210x87-1.jpg\",\"image_position\":\"center-center\",\"image_size\":\"cover\",\"padding\":\"xlarge\",\"position_sticky_breakpoint\":\"m\",\"vertical_align\":\"middle\",\"width_medium\":\"1-2\"}},{\"type\":\"column\",\"props\":{\"image_position\":\"center-center\",\"padding\":\"small\",\"position_sticky_breakpoint\":\"m\",\"style\":\"tile-default\",\"width_medium\":\"1-2\"},\"children\":[{\"type\":\"headline\",\"props\":{\"block_align\":\"center\",\"content\":\"Impressum\",\"image_align\":\"left\",\"image_margin\":\"xsmall\",\"maxwidth\":\"large\",\"text_align\":\"left\",\"text_align_breakpoint\":\"m\",\"text_align_fallback\":\"center\",\"title_element\":\"h1\",\"title_style\":\"h2\"}},{\"type\":\"headline\",\"props\":{\"block_align\":\"center\",\"content\":\"Bodensee Hotel Kreuz\",\"image_align\":\"left\",\"image_margin\":\"xsmall\",\"margin_bottom\":\"small\",\"margin_top\":\"small\",\"maxwidth\":\"large\",\"text_align\":\"left\",\"text_align_breakpoint\":\"m\",\"text_align_fallback\":\"center\",\"title_element\":\"h2\",\"title_style\":\"h5\"}},{\"type\":\"text\",\"props\":{\"block_align\":\"center\",\"column_breakpoint\":\"m\",\"content\":\"Grasbeurer Stra\u00dfe 2<br \/>\\n88690 Uhldingen-M\u00fchlhofen\",\"margin_bottom\":\"medium\",\"margin_top\":\"remove\",\"maxwidth\":\"large\",\"text_align\":\"left\",\"text_align_breakpoint\":\"m\",\"text_align_fallback\":\"center\"}},{\"type\":\"text\",\"props\":{\"block_align\":\"center\",\"column_breakpoint\":\"m\",\"content\":\"Gesch\u00e4ftsf\u00fchrer und verantwortlich<br \/> f\u00fcr den Inhalt dieser Web-Seiten:\",\"margin_bottom\":\"small\",\"margin_top\":\"small\",\"maxwidth\":\"large\",\"text_align\":\"left\",\"text_align_breakpoint\":\"m\",\"text_align_fallback\":\"center\"}},{\"type\":\"headline\",\"props\":{\"block_align\":\"center\",\"content\":\"GS Augsburg Hotelbetriebs GmbH\",\"image_align\":\"left\",\"image_margin\":\"xsmall\",\"margin_top\":\"remove\",\"maxwidth\":\"large\",\"text_align\":\"left\",\"text_align_breakpoint\":\"m\",\"text_align_fallback\":\"center\",\"title_element\":\"div\",\"title_style\":\"h5\"}},{\"type\":\"text\",\"props\":{\"block_align\":\"center\",\"column_breakpoint\":\"m\",\"content\":\"\n\n<p><span>Viktoria Stra\u00dfe 4<\/span><br \/><span>86150 Augsburg<\/span><\/p>\n\n\",\"margin_bottom\":\"small\",\"margin_top\":\"small\",\"maxwidth\":\"large\",\"text_align\":\"left\",\"text_align_breakpoint\":\"m\",\"text_align_fallback\":\"center\"}},{\"type\":\"button\",\"props\":{\"block_align\":\"center\",\"grid_column_gap\":\"small\",\"grid_row_gap\":\"small\",\"margin_bottom\":\"large\",\"margin_top\":\"large\",\"maxwidth\":\"large\",\"text_align\":\"left\",\"text_align_breakpoint\":\"m\",\"text_align_fallback\":\"center\"},\"children\":[{\"type\":\"button_item\",\"props\":{\"button_style\":\"link-text\",\"content\":\"Tel.: +49 (0) 7556 - 92889-0 \",\"dialog_layout\":\"modal\",\"dialog_offcanvas_flip\":true,\"icon_align\":\"left\",\"link\":\"tel:+497556928890\"}},{\"type\":\"button_item\",\"props\":{\"button_style\":\"link-text\",\"content\":\"info@bodensee-hotel-kreuz.de\",\"dialog_layout\":\"modal\",\"dialog_offcanvas_flip\":true,\"icon_align\":\"left\",\"link\":\"mailto:info@bodensee-hotel-kreuz.de\"}},{\"type\":\"button_item\",\"props\":{\"button_style\":\"link-text\",\"content\":\"USt-IdNr.: DE327545317\",\"dialog_layout\":\"modal\",\"dialog_offcanvas_flip\":true,\"icon_align\":\"left\",\"link\":\"USt-IdNr.: DE327545317\"}},{\"type\":\"button_item\",\"props\":{\"button_style\":\"link-text\",\"content\":\"Amtsgericht Augsburg, HRB 40147\",\"dialog_layout\":\"modal\",\"dialog_offcanvas_flip\":true,\"icon_align\":\"left\",\"link\":\"Amtsgericht Augsburg, HRB 40147\"}}]},{\"type\":\"text\",\"props\":{\"block_align\":\"center\",\"column_breakpoint\":\"m\",\"content\":\"Trotz sorgf\u00e4ltiger Pr\u00fcfung wird f\u00fcr externe Links keine Haftung \u00fcbernommen.\",\"margin_bottom\":\"small\",\"margin_top\":\"small\",\"maxwidth\":\"large\",\"text_align\":\"left\",\"text_align_breakpoint\":\"m\",\"text_align_fallback\":\"center\"}},{\"type\":\"headline\",\"props\":{\"block_align\":\"center\",\"content\":\"Konzeption und Gestaltung der Website:\",\"image_align\":\"left\",\"image_margin\":\"xsmall\",\"maxwidth\":\"large\",\"text_align\":\"left\",\"text_align_breakpoint\":\"m\",\"text_align_fallback\":\"center\",\"title_element\":\"h1\",\"title_style\":\"h6\"}},{\"type\":\"text\",\"props\":{\"block_align\":\"center\",\"column_breakpoint\":\"m\",\"content\":\"<strong>SERO | DESIGN<\/strong><br \/>\\nIm Sieble 22<br \/>\\n88690 Uhldingen-M\u00fchlhofen<br \/>\\nDeutschland\",\"margin_bottom\":\"medium\",\"margin_top\":\"remove\",\"maxwidth\":\"large\",\"text_align\":\"left\",\"text_align_breakpoint\":\"m\",\"text_align_fallback\":\"center\"}},{\"type\":\"list\",\"props\":{\"block_align\":\"center\",\"column_breakpoint\":\"m\",\"image_align\":\"left\",\"image_svg_color\":\"emphasis\",\"image_vertical_align\":true,\"list_element\":\"ul\",\"list_horizontal_separator\":\", \",\"list_type\":\"vertical\",\"margin_top\":\"remove\",\"maxwidth\":\"large\",\"show_image\":true,\"show_link\":true,\"text_align\":\"left\",\"text_align_breakpoint\":\"m\"},\"children\":[{\"type\":\"list_item\",\"props\":{\"content\":\"+49 (0) 7556 93 28 453\"}},{\"type\":\"list_item\",\"props\":{\"content\":\"info@sero-design.de\",\"link\":\"mailto:info@sero-design.de\"}},{\"type\":\"list_item\",\"props\":{\"content\":\"www.sero-design.de\",\"link\":\"www.sero-design.de\"}}]}]}]}]}],\"version\":\"5.0.7\"} --><\/p>\n","protected":false},"excerpt":{"rendered":"<p>Impressum Bodensee Hotel Kreuz Grasbeurer Stra\u00dfe 2 88690 Uhldingen-M\u00fchlhofen Gesch\u00e4ftsf\u00fchrer und verantwortlich f\u00fcr den Inhalt dieser Web-Seiten: GS Augsburg Hotelbetriebs GmbH Viktoria Stra\u00dfe 486150 Augsburg Tel.: +49 (0) 7556 &#8211; 92889-0 info@bodensee-hotel-kreuz.de USt-IdNr.: DE327545317 Amtsgericht Augsburg, HRB 40147 Trotz sorgf\u00e4ltiger Pr\u00fcfung wird f\u00fcr externe Links keine Haftung \u00fcbernommen. Konzeption und Gestaltung der Website: SERO | [&hellip;]<\/p>\n","protected":false},"author":1,"featured_media":0,"parent":0,"menu_order":0,"comment_status":"closed","ping_status":"closed","template":"","meta":{"footnotes":""},"class_list":["post-852","page","type-page","status-publish","hentry"],"_links":{"self":[{"href":"https:\/\/www.bodensee-hotel-kreuz.de\/de\/wp-json\/wp\/v2\/pages\/852","targetHints":{"allow":["GET"]}}],"collection":[{"href":"https:\/\/www.bodensee-hotel-kreuz.de\/de\/wp-json\/wp\/v2\/pages"}],"about":[{"href":"https:\/\/www.bodensee-hotel-kreuz.de\/de\/wp-json\/wp\/v2\/types\/page"}],"author":[{"embeddable":true,"href":"https:\/\/www.bodensee-hotel-kreuz.de\/de\/wp-json\/wp\/v2\/users\/1"}],"replies":[{"embeddable":true,"href":"https:\/\/www.bodensee-hotel-kreuz.de\/de\/wp-json\/wp\/v2\/comments?post=852"}],"version-history":[{"count":42,"href":"https:\/\/www.bodensee-hotel-kreuz.de\/de\/wp-json\/wp\/v2\/pages\/852\/revisions"}],"predecessor-version":[{"id":1055,"href":"https:\/\/www.bodensee-hotel-kreuz.de\/de\/wp-json\/wp\/v2\/pages\/852\/revisions\/1055"}],"wp:attachment":[{"href":"https:\/\/www.bodensee-hotel-kreuz.de\/de\/wp-json\/wp\/v2\/media?parent=852"}],"curies":[{"name":"wp","href":"https:\/\/api.w.org\/{rel}","templated":true}]}}